{"id":31,"date":"2025-09-18T19:48:39","date_gmt":"2025-09-18T17:48:39","guid":{"rendered":"https:\/\/ingmaryci.com\/?page_id=31"},"modified":"2025-09-23T15:50:32","modified_gmt":"2025-09-23T13:50:32","slug":"timeline","status":"publish","type":"page","link":"https:\/\/ingmaryci.com\/?page_id=31","title":{"rendered":"Historia Chor\u0105gwi"},"content":{"rendered":"\n<h2 class=\"wp-block-heading has-text-align-center\">Ingmar Axeflugel von Kiel<\/h2>\n\n\n\n<hr class=\"wp-block-separator has-alpha-channel-opacity\"\/>\n\n\n\n<p>Patron Ingmaryt\u00f3w pochodzi\u0142 z Kiel, miasteczka na obrze\u017cach Martwego Lasu w Talabheim. R\u00f3d, z kt\u00f3rego pochodzi\u0142 Ingmar Axefl\u00fcgel von Kiel, by\u0142 od stuleci zwi\u0105zany ze s\u0142u\u017cb\u0105 Morrowi. Jego przodek niemal 400 lat temu bra\u0142 udzia\u0142 w bitwie na bagnach Fenn, gdzie wraz z Rycerzami Kruka uczestniczy\u0142 w rozgromieniu wampirzej armii Manfreda von Carstein.<\/p>\n\n\n\n<p>Historia Ingmara jest tragiczna i zakonnicy Chor\u0105gwii niech\u0119tnie o niej opowiadaj\u0105. Z plotek i strz\u0119pk\u00f3w informacji uk\u0142ada si\u0119 jednak sm\u0119tna opowie\u015b\u0107.<\/p>\n\n\n<div class=\"wp-block-image\">\n<figure class=\"aligncenter size-large is-resized\"><img loading=\"lazy\" decoding=\"async\" width=\"625\" height=\"1024\" src=\"https:\/\/ingmaryci.com\/wp-content\/uploads\/2025\/09\/INKWIZYTOR_INGMAR_malunek_obraz-625x1024.jpg\" alt=\"\" class=\"wp-image-1023\" style=\"width:329px;height:auto\" srcset=\"https:\/\/ingmaryci.com\/wp-content\/uploads\/2025\/09\/INKWIZYTOR_INGMAR_malunek_obraz-625x1024.jpg 625w, https:\/\/ingmaryci.com\/wp-content\/uploads\/2025\/09\/INKWIZYTOR_INGMAR_malunek_obraz-183x300.jpg 183w, https:\/\/ingmaryci.com\/wp-content\/uploads\/2025\/09\/INKWIZYTOR_INGMAR_malunek_obraz.jpg 732w\" sizes=\"auto, (max-width: 625px) 100vw, 625px\" \/><\/figure>\n<\/div>\n\n\n<p>Ingmar mia\u0142 syna &#8211; Otto &#8211; kt\u00f3ry uparcie zabiega\u0142 o jego uwag\u0119, jednak wiecznie zaj\u0119ty ojciec nie mia\u0142 dla niego czasu. B\u0119d\u0105c pozostawionym samemu sobie w ko\u0144cu zwr\u00f3ci\u0142 si\u0119 ku mrocznym pot\u0119gom, czego Ingmar nie zauwa\u017cy\u0142. W ko\u0144cu, kiedy sprawa zasz\u0142a ju\u017c za daleko i za p\u00f3\u017ano by\u0142o na ratowanie syna, ojciec &#8211; jako praworz\u0105dny szlachcic &#8211; odda\u0142 go w r\u0119ce Inkwizycji. Proces trwa\u0142 kr\u00f3tko i nied\u0142ugo p\u00f3\u017aniej Ingmar \u017cegna\u0142 swojego syna, gdy ten p\u0142on\u0105\u0142 na stosie. To sprawi\u0142o, \u017ce Ingmar zamkn\u0105\u0142 si\u0119 w sobie. Przeznaczy\u0142 spor\u0105 sum\u0119 na wybudowanie Morryckiej kaplicy w rodzinnym Kiel i sp\u0119dza\u0142 tam d\u0142ugie godziny. W ko\u0144cu wyruszy\u0142 do Siegfriedhoff, gdzie odda\u0142 si\u0119 s\u0142u\u017cbie Morrowi, wst\u0119puj\u0105c do Bractwa Ca\u0142unu. Nied\u0142ugo p\u00f3\u017aniej przyj\u0105\u0142 \u015bwi\u0119cenia w Zakonie Kruka.<\/p>\n\n\n<div class=\"wp-block-image\">\n<figure class=\"aligncenter size-full is-resized\"><img loading=\"lazy\" decoding=\"async\" width=\"715\" height=\"800\" src=\"https:\/\/ingmaryci.com\/wp-content\/uploads\/2025\/09\/Ingmar_Otto_Axeflugel_przed-powolaniem-1.jpg\" alt=\"\" class=\"wp-image-1022\" style=\"width:413px;height:auto\" srcset=\"https:\/\/ingmaryci.com\/wp-content\/uploads\/2025\/09\/Ingmar_Otto_Axeflugel_przed-powolaniem-1.jpg 715w, https:\/\/ingmaryci.com\/wp-content\/uploads\/2025\/09\/Ingmar_Otto_Axeflugel_przed-powolaniem-1-268x300.jpg 268w\" sizes=\"auto, (max-width: 715px) 100vw, 715px\" \/><\/figure>\n<\/div>\n\n\n<p>Przez kilka lat sta\u0142 si\u0119 jednym z najzacieklejszych pogromc\u00f3w nekromant\u00f3w i wampir\u00f3w, dzi\u0119ki czemu awansowa\u0142 w strukturach \u015bwi\u0105tynnych, jego dokonania pozwoli\u0142y te\u017c odbudowa\u0107 zszargan\u0105 reputacj\u0119 na cesarskim dworze i odnowi\u0107 kontakty ze znacz\u0105cymi w Imperium lud\u017ami. Nie pogodzi\u0142 si\u0119 z tym, \u017ce dusza jego syna zosta\u0142a po\u017carta przez Chaos i nie trafi\u0142a nigdy do Ogrod\u00f3w Morra.&nbsp; W trakcie s\u0142u\u017cby zakonnej zacz\u0119\u0142a w nim kie\u0142kowa\u0107 my\u015bl, aby ratowa\u0107 ludzkie dusze, wyrywa\u0107 je ze zwodniczych szpon\u00f3w Chaosu, odkupi\u0107 w\u0142asne winy, sp\u0142acaj\u0105c Morrowi d\u0142ug dusz. W ko\u0144cu u\u017cy\u0142 swych wp\u0142yw\u00f3w w\u015br\u00f3d mo\u017cnych Imperium, by stworzy\u0107 oddzia\u0142 pokutnik\u00f3w, kt\u00f3rym przewodzi\u0142, podleg\u0142y wy\u0142\u0105cznie Zakonowi Kruka i \u015bwi\u0105tyni Morra.<\/p>\n\n\n\n<h2 class=\"wp-block-heading has-text-align-center\">Strace\u0144cy Ingmara<\/h2>\n\n\n\n<hr class=\"wp-block-separator has-alpha-channel-opacity\"\/>\n\n\n\n<p>Podczas kampanii na p\u00f3\u0142nocy Imperium, Ingmar zgromadzi\u0142 grup\u0119 kilkunastu Nors\u00f3w, wi\u0119zionych w r\u00f3\u017cnych miejscach. Niekt\u00f3rzy mieli by\u0107 torturowani, paleni na stosie, inni przes\u0142uchiwani w celu pozyskania wiedzy o ruchach armii chaosu. Niekt\u00f3rzy z tych Nors\u00f3w i tak pr\u00f3bowali ukrywa\u0107 si\u0119 w Imperium, chc\u0105c uwolni\u0107 si\u0119 od wp\u0142ywu bog\u00f3w chaosu. Inkwizytor zebra\u0142 ich, odwi\u00f3d\u0142 od mrocznych b\u00f3stw i da\u0142 nowe \u017cycie. Zwi\u0105za\u0142 ich przysi\u0119g\u0105 wierno\u015bci bogowi \u015amierci i zacz\u0105\u0142 szkoli\u0107 do walki ze swymi koszmarami. Z kilku obszarpa\u0144c\u00f3w, szybko zrobi\u0142a si\u0119 kompania trzydziestu woj\u00f3w.&nbsp;<\/p>\n\n\n\n<p>Inkwizytor dzia\u0142a\u0142 dalej. Zacz\u0105\u0142 wy\u0142uskiwa\u0107 i nawraca\u0107 ju\u017c nie tylko Nors\u00f3w &#8211; podobnych spraw trafi\u0142o si\u0119 jeszcze kilka, wi\u0119c w rok po pierwszej rekrutacji, kompania Ingmara mia\u0142a ju\u017c pi\u0119\u0107dziesi\u0105t czterech nawr\u00f3conych os\u00f3b, wszyscy wyrwani spod wp\u0142ywu chaosu. Ka\u017cdy z nich przyjmowa\u0142 wiar\u0119 Boga \u015amierci i s\u0142u\u017cy\u0142 w kompanii Ingmara. M\u00f3wi\u0142o si\u0119, \u017ce Ingmar zosta\u0142 pob\u0142ogos\u0142awiony przez samego Morra, dzi\u0119ki czemu zyska\u0142 moc nawracania kultyst\u00f3w.<\/p>\n\n\n\n<p>Przez kilkana\u015bcie lat kompania wykona\u0142a seri\u0119 beznadziejnych i niewykonalnych misji. Jej stan szybko topnia\u0142. Gdy zosta\u0142o zaledwie osiemnastu, kompania ruszy\u0142a do Marienburga. Z Ingmarem skontaktowa\u0142 si\u0119 jego dawny towarzysz &#8211; Kap\u0142an. Kap\u0142an powiedzia\u0142 Ingmarowi o zdradzie w\u0142odarzy Marienburga. Ingmar, wys\u0142uchawszy wr\u00f3\u017cb jednego ze Strace\u0144c\u00f3w podejrzewa\u0142 wp\u0142yw si\u0142 chaosu i wampirze wynaturzenie, dlatego Strace\u0144cy dostali now\u0105 misj\u0119. Ich zadaniem by\u0142o zlikwidowa\u0107 odpowiedzialnych za ten uk\u0142ad rajc\u00f3w miejskich.&nbsp;<\/p>\n\n\n\n<p>Misja okaza\u0142a si\u0119 pu\u0142apk\u0105. Wi\u0119kszo\u015b\u0107 Strace\u0144c\u00f3w zgin\u0119\u0142a, w tym sam Ingmar. W trakcie walk, natkn\u0119li si\u0119 na inn\u0105 kompani\u0119, kt\u00f3ra r\u00f3wnie\u017c straci\u0142a w tych walkach wielu ludzi &#8211; \u015amier\u0107 Szczur\u00f3w. Razem wyrwali si\u0119 z okr\u0105\u017cenia i przysi\u0119gli zemst\u0119 na Marienburgu.<\/p>\n\n\n\n<p>Rok p\u00f3\u017aniej by\u0142o po sprawie. Winnych zdrady Marienburga uda\u0142o si\u0119 dopa\u015b\u0107. Pozostali przy \u017cyciu czterej Strace\u0144cy Ingmara, stali si\u0119 cz\u0119\u015bci\u0105 kompanii Szczur\u00f3w.<\/p>\n\n\n\n<h2 class=\"wp-block-heading has-text-align-center\">\u015amier\u0107 Szczur\u00f3w i powo\u0142anie Chor\u0105gwi<\/h2>\n\n\n\n<hr class=\"wp-block-separator has-alpha-channel-opacity\"\/>\n\n\n\n<p>W Kompanii Najemnej Rattentod Strace\u0144cy s\u0142u\u017cyli dobrych kilka lat. Wyje\u017cd\u017cali z najemnikami na kampanie wojenne, wielokrotnie dowodz\u0105c oddzia\u0142em i wykorzystuj\u0105c swoje do\u015bwiadczenie bojowe.&nbsp;<\/p>\n\n\n\n<p>Najwa\u017cniejsze z tamtego okresu by\u0142y dla Strace\u0144c\u00f3w zdecydowanie dwie kampanie: pod Buchenfels oraz Bergwerg. Ta pierwsza szczeg\u00f3lnie zapad\u0142a wszystkim w pami\u0119\u0107, przez ogromne rany jakie odni\u00f3s\u0142 dow\u00f3dca najemnik\u00f3w &#8211; Piastun. Przez jego niedyspozycj\u0119, Ingmaryci przej\u0119li dowodzenie nad \u015amierci\u0105 Szczur\u00f3w i od tamtego czasu przez kolejnych kilka lat stali si\u0119 wa\u017cn\u0105, wr\u0119cz niezast\u0105pion\u0105 cz\u0119\u015bci\u0105 kompanii. To do nich m\u0142odzi przychodzili po rad\u0119, to ich Piastun mianowa\u0142 nowymi dow\u00f3dcami. To oni, razem z Piastunem, podejmowali najwa\u017cniejsze decyzje. Druga wa\u017cna wyprawa &#8211; Bergwerg &#8211; stanowi\u0142a swoiste zwie\u0144czenie pracy Strace\u0144c\u00f3w. Godziny w\u0142o\u017cone w szkolenie kompanii najemnik\u00f3w op\u0142aci\u0142y si\u0119 &#8211; Rattentod by\u0142a niezwykle sprawna w boju. Dzi\u0119ki temu, oraz sieci rozleg\u0142ych kontakt\u00f3w wszystkich cz\u0142onk\u00f3w oddzia\u0142u, uda\u0142o si\u0119 z tej wyprawy wr\u00f3ci\u0107 nie tylko zwyci\u0119sko, ale tak\u017ce z wype\u0142nionymi sakiewkami.<\/p>\n\n\n\n<p>W trakcie dzia\u0142alno\u015bci w Szczurach, Bran \u201cCichy\u201d Skattson przyj\u0105\u0142 \u015bwi\u0119cenia kap\u0142a\u0144skie, za\u015b Gunnar \u201cCzacha\u201d Wulfriksson oraz Raul \u201cSiwy\u201d Etevan del Sabio del Ventre przyj\u0119li \u015bluby zakonne.<\/p>\n\n\n\n<p>Sprawy skomplikowa\u0142y si\u0119 rok p\u00f3\u017aniej, kiedy oddzia\u0142 odwiedzi\u0142 tereny Gostahof. Mia\u0142 to by\u0107 zwyk\u0142y odpoczynek, za\u0142atwianie pomniejszych spraw, spisywanie nowych kontrakt\u00f3w. Ten wyjazd okaza\u0142 si\u0119 jednak ostatnim dla Strace\u0144c\u00f3w w Rattentod.<\/p>\n\n\n\n<p>Podczas pobytu w Gostahof, Strace\u0144cy otrzymali list &#8211; nie byle jaki, bo list zaci\u0105gowy. Strace\u0144cy zostali przywr\u00f3ceni do s\u0142u\u017cby przez Zakon Kruka i nakazano im utworzenie w\u0142asnej chor\u0105gwi. Co\u015b, co by\u0142o dla ka\u017cdego z nich natarczywym wspomnieniem, kt\u00f3re cz\u0119sto pr\u00f3bowa\u0142o wybi\u0107 si\u0119 na powierzchni\u0119 \u015bwiadomo\u015bci, nagle sta\u0142o si\u0119 prawd\u0105 i zi\u015bci\u0142o si\u0119 w tym li\u015bcie. Musieli utworzy\u0107 chor\u0105giew Morryck\u0105, kt\u00f3rej zwierzchnikiem zosta\u0142 Zakon Kruka. Postanowili wi\u0119c zrobi\u0107 dok\u0142adnie to samo, co zrobi\u0142 Ingmar &#8211; wyszukiwa\u0107 ludzi zniszczonych, ludzi, nad kt\u00f3rymi ci\u0105\u017c\u0105 wyroki i kt\u00f3rzy s\u0105 straceni dla \u015bwiata &#8211; i wyci\u0105ga\u0107 ich, szkoli\u0107, a p\u00f3\u017aniej wykorzystywa\u0107 do walki z plugastwem.<\/p>\n\n\n\n<p>W taki spos\u00f3b powsta\u0142a Chor\u0105giew Pokutna pod wezwaniem Ingmara Axeflugel von Kiel. Ingmaryci.<\/p>\n\n\n<div class=\"wp-block-image\">\n<figure class=\"aligncenter size-large\"><img loading=\"lazy\" decoding=\"async\" width=\"1024\" height=\"730\" src=\"https:\/\/ingmaryci.com\/wp-content\/uploads\/2025\/09\/Kiel_mapa-Talabekland-i-okolice-1024x730.jpg\" alt=\"\" class=\"wp-image-1024\" srcset=\"https:\/\/ingmaryci.com\/wp-content\/uploads\/2025\/09\/Kiel_mapa-Talabekland-i-okolice-1024x730.jpg 1024w, https:\/\/ingmaryci.com\/wp-content\/uploads\/2025\/09\/Kiel_mapa-Talabekland-i-okolice-300x214.jpg 300w, https:\/\/ingmaryci.com\/wp-content\/uploads\/2025\/09\/Kiel_mapa-Talabekland-i-okolice-768x547.jpg 768w, https:\/\/ingmaryci.com\/wp-content\/uploads\/2025\/09\/Kiel_mapa-Talabekland-i-okolice-1140x812.jpg 1140w, https:\/\/ingmaryci.com\/wp-content\/uploads\/2025\/09\/Kiel_mapa-Talabekland-i-okolice.jpg 1440w\" sizes=\"auto, (max-width: 1024px) 100vw, 1024px\" \/><\/figure>\n<\/div>","protected":false},"excerpt":{"rendered":"<p>Ingmar Axeflugel von Kiel Patron Ingmaryt\u00f3w pochodzi\u0142 z Kiel, miasteczka na obrze\u017cach Martwego Lasu w Talabheim. R\u00f3d, z kt\u00f3rego pochodzi\u0142 Ingmar Axefl\u00fcgel von Kiel, by\u0142 od stuleci zwi\u0105zany ze s\u0142u\u017cb\u0105 Morrowi. Jego przodek niemal 400 lat temu bra\u0142 udzia\u0142 w bitwie na bagnach Fenn, gdzie wraz z Rycerzami Kruka uczestniczy\u0142 w rozgromieniu wampirzej armii Manfreda von Carstein. Historia Ingmara jest tragiczna i zakonnicy Chor\u0105gwii niech\u0119tnie o niej opowiadaj\u0105. Z plotek i strz\u0119pk\u00f3w informacji uk\u0142ada si\u0119 jednak sm\u0119tna opowie\u015b\u0107. Ingmar mia\u0142 syna &#8211; Otto &#8211; kt\u00f3ry uparcie zabiega\u0142 o jego uwag\u0119, jednak wiecznie zaj\u0119ty ojciec nie mia\u0142 dla niego czasu. B\u0119d\u0105c pozostawionym samemu sobie w ko\u0144cu zwr\u00f3ci\u0142 si\u0119 ku mrocznym pot\u0119gom, czego Ingmar nie zauwa\u017cy\u0142. W ko\u0144cu, kiedy sprawa zasz\u0142a ju\u017c za daleko i za p\u00f3\u017ano by\u0142o na ratowanie syna, ojciec &#8211; jako praworz\u0105dny szlachcic &#8211; odda\u0142 go w r\u0119ce Inkwizycji. Proces trwa\u0142 kr\u00f3tko i nied\u0142ugo p\u00f3\u017aniej Ingmar \u017cegna\u0142 swojego syna, gdy ten p\u0142on\u0105\u0142 na stosie. To sprawi\u0142o, \u017ce Ingmar zamkn\u0105\u0142 si\u0119 w sobie. Przeznaczy\u0142 spor\u0105 sum\u0119 na wybudowanie Morryckiej kaplicy w rodzinnym Kiel i sp\u0119dza\u0142 tam d\u0142ugie godziny. W ko\u0144cu wyruszy\u0142 do Siegfriedhoff, gdzie odda\u0142 si\u0119 s\u0142u\u017cbie Morrowi, wst\u0119puj\u0105c do Bractwa Ca\u0142unu. Nied\u0142ugo p\u00f3\u017aniej przyj\u0105\u0142 \u015bwi\u0119cenia w Zakonie Kruka. Przez kilka lat sta\u0142 si\u0119 jednym z najzacieklejszych pogromc\u00f3w nekromant\u00f3w i wampir\u00f3w, dzi\u0119ki czemu awansowa\u0142 w strukturach \u015bwi\u0105tynnych, jego dokonania pozwoli\u0142y te\u017c odbudowa\u0107 zszargan\u0105 reputacj\u0119 na cesarskim dworze i odnowi\u0107 kontakty ze znacz\u0105cymi w Imperium lud\u017ami. Nie pogodzi\u0142 si\u0119 z tym, \u017ce dusza jego syna zosta\u0142a po\u017carta przez Chaos i nie trafi\u0142a nigdy do Ogrod\u00f3w Morra.&nbsp; W trakcie s\u0142u\u017cby zakonnej zacz\u0119\u0142a w nim kie\u0142kowa\u0107 my\u015bl, aby ratowa\u0107 ludzkie dusze, wyrywa\u0107 je ze zwodniczych szpon\u00f3w Chaosu, odkupi\u0107 w\u0142asne winy, sp\u0142acaj\u0105c Morrowi d\u0142ug dusz. W ko\u0144cu u\u017cy\u0142 swych wp\u0142yw\u00f3w w\u015br\u00f3d mo\u017cnych Imperium, by stworzy\u0107 oddzia\u0142 pokutnik\u00f3w, kt\u00f3rym przewodzi\u0142, podleg\u0142y wy\u0142\u0105cznie Zakonowi Kruka i \u015bwi\u0105tyni Morra. Strace\u0144cy Ingmara Podczas kampanii na p\u00f3\u0142nocy Imperium, Ingmar zgromadzi\u0142 grup\u0119 kilkunastu Nors\u00f3w, wi\u0119zionych w r\u00f3\u017cnych miejscach. Niekt\u00f3rzy mieli by\u0107 torturowani, paleni na stosie, inni przes\u0142uchiwani w celu pozyskania wiedzy o ruchach armii chaosu. Niekt\u00f3rzy z tych Nors\u00f3w i tak pr\u00f3bowali ukrywa\u0107 si\u0119 w Imperium, chc\u0105c uwolni\u0107 si\u0119 od wp\u0142ywu bog\u00f3w chaosu. Inkwizytor zebra\u0142 ich, odwi\u00f3d\u0142 od mrocznych b\u00f3stw i da\u0142 nowe \u017cycie. Zwi\u0105za\u0142 ich przysi\u0119g\u0105 wierno\u015bci bogowi \u015amierci i zacz\u0105\u0142 szkoli\u0107 do walki ze swymi koszmarami. Z kilku obszarpa\u0144c\u00f3w, szybko zrobi\u0142a si\u0119 kompania trzydziestu woj\u00f3w.&nbsp; Inkwizytor dzia\u0142a\u0142 dalej. Zacz\u0105\u0142 wy\u0142uskiwa\u0107 i nawraca\u0107 ju\u017c nie tylko Nors\u00f3w &#8211; podobnych spraw trafi\u0142o si\u0119 jeszcze kilka, wi\u0119c w rok po pierwszej rekrutacji, kompania Ingmara mia\u0142a ju\u017c pi\u0119\u0107dziesi\u0105t czterech nawr\u00f3conych os\u00f3b, wszyscy wyrwani spod wp\u0142ywu chaosu. Ka\u017cdy z nich przyjmowa\u0142 wiar\u0119 Boga \u015amierci i s\u0142u\u017cy\u0142 w kompanii Ingmara. M\u00f3wi\u0142o si\u0119, \u017ce Ingmar zosta\u0142 pob\u0142ogos\u0142awiony przez samego Morra, dzi\u0119ki czemu zyska\u0142 moc nawracania kultyst\u00f3w. Przez kilkana\u015bcie lat kompania wykona\u0142a seri\u0119 beznadziejnych i niewykonalnych misji. Jej stan szybko topnia\u0142. Gdy zosta\u0142o zaledwie osiemnastu, kompania ruszy\u0142a do Marienburga. Z Ingmarem skontaktowa\u0142 si\u0119 jego dawny towarzysz &#8211; Kap\u0142an. Kap\u0142an powiedzia\u0142 Ingmarowi o zdradzie w\u0142odarzy Marienburga. Ingmar, wys\u0142uchawszy wr\u00f3\u017cb jednego ze Strace\u0144c\u00f3w podejrzewa\u0142 wp\u0142yw si\u0142 chaosu i wampirze wynaturzenie, dlatego Strace\u0144cy dostali now\u0105 misj\u0119. Ich zadaniem by\u0142o zlikwidowa\u0107 odpowiedzialnych za ten uk\u0142ad rajc\u00f3w miejskich.&nbsp; Misja okaza\u0142a si\u0119 pu\u0142apk\u0105. Wi\u0119kszo\u015b\u0107 Strace\u0144c\u00f3w zgin\u0119\u0142a, w tym sam Ingmar. W trakcie walk, natkn\u0119li si\u0119 na inn\u0105 kompani\u0119, kt\u00f3ra r\u00f3wnie\u017c straci\u0142a w tych walkach wielu ludzi &#8211; \u015amier\u0107 Szczur\u00f3w. Razem wyrwali si\u0119 z okr\u0105\u017cenia i przysi\u0119gli zemst\u0119 na Marienburgu. Rok p\u00f3\u017aniej by\u0142o po sprawie. Winnych zdrady Marienburga uda\u0142o si\u0119 dopa\u015b\u0107. Pozostali przy \u017cyciu czterej Strace\u0144cy Ingmara, stali si\u0119 cz\u0119\u015bci\u0105 kompanii Szczur\u00f3w. \u015amier\u0107 Szczur\u00f3w i powo\u0142anie Chor\u0105gwi W Kompanii Najemnej Rattentod Strace\u0144cy s\u0142u\u017cyli dobrych kilka lat. Wyje\u017cd\u017cali z najemnikami na kampanie wojenne, wielokrotnie dowodz\u0105c oddzia\u0142em i wykorzystuj\u0105c swoje do\u015bwiadczenie bojowe.&nbsp; Najwa\u017cniejsze z tamtego okresu by\u0142y dla Strace\u0144c\u00f3w zdecydowanie dwie kampanie: pod Buchenfels oraz Bergwerg. Ta pierwsza szczeg\u00f3lnie zapad\u0142a wszystkim w pami\u0119\u0107, przez ogromne rany jakie odni\u00f3s\u0142 dow\u00f3dca najemnik\u00f3w &#8211; Piastun. Przez jego niedyspozycj\u0119, Ingmaryci przej\u0119li dowodzenie nad \u015amierci\u0105 Szczur\u00f3w i od tamtego czasu przez kolejnych kilka lat stali si\u0119 wa\u017cn\u0105, wr\u0119cz niezast\u0105pion\u0105 cz\u0119\u015bci\u0105 kompanii. To do nich m\u0142odzi przychodzili po rad\u0119, to ich Piastun mianowa\u0142 nowymi dow\u00f3dcami. To oni, razem z Piastunem, podejmowali najwa\u017cniejsze decyzje. Druga wa\u017cna wyprawa &#8211; Bergwerg &#8211; stanowi\u0142a swoiste zwie\u0144czenie pracy Strace\u0144c\u00f3w. Godziny w\u0142o\u017cone w szkolenie kompanii najemnik\u00f3w op\u0142aci\u0142y si\u0119 &#8211; Rattentod by\u0142a niezwykle sprawna w boju. Dzi\u0119ki temu, oraz sieci rozleg\u0142ych kontakt\u00f3w wszystkich cz\u0142onk\u00f3w oddzia\u0142u, uda\u0142o si\u0119 z tej wyprawy wr\u00f3ci\u0107 nie tylko zwyci\u0119sko, ale tak\u017ce z wype\u0142nionymi sakiewkami. W trakcie dzia\u0142alno\u015bci w Szczurach, Bran \u201cCichy\u201d Skattson przyj\u0105\u0142 \u015bwi\u0119cenia kap\u0142a\u0144skie, za\u015b Gunnar \u201cCzacha\u201d Wulfriksson oraz Raul \u201cSiwy\u201d Etevan del Sabio del Ventre przyj\u0119li \u015bluby zakonne. Sprawy skomplikowa\u0142y si\u0119 rok p\u00f3\u017aniej, kiedy oddzia\u0142 odwiedzi\u0142 tereny Gostahof. Mia\u0142 to by\u0107 zwyk\u0142y odpoczynek, za\u0142atwianie pomniejszych spraw, spisywanie nowych kontrakt\u00f3w. Ten wyjazd okaza\u0142 si\u0119 jednak ostatnim dla Strace\u0144c\u00f3w w Rattentod. Podczas pobytu w Gostahof, Strace\u0144cy otrzymali list &#8211; nie byle jaki, bo list zaci\u0105gowy. Strace\u0144cy zostali przywr\u00f3ceni do s\u0142u\u017cby przez Zakon Kruka i nakazano im utworzenie w\u0142asnej chor\u0105gwi. Co\u015b, co by\u0142o dla ka\u017cdego z nich natarczywym wspomnieniem, kt\u00f3re cz\u0119sto pr\u00f3bowa\u0142o wybi\u0107 si\u0119 na powierzchni\u0119 \u015bwiadomo\u015bci, nagle sta\u0142o si\u0119 prawd\u0105 i zi\u015bci\u0142o si\u0119 w tym li\u015bcie. Musieli utworzy\u0107 chor\u0105giew Morryck\u0105, kt\u00f3rej zwierzchnikiem zosta\u0142 Zakon Kruka. Postanowili wi\u0119c zrobi\u0107 dok\u0142adnie to samo, co zrobi\u0142 Ingmar &#8211; wyszukiwa\u0107 ludzi zniszczonych, ludzi, nad kt\u00f3rymi ci\u0105\u017c\u0105 wyroki i kt\u00f3rzy s\u0105 straceni dla \u015bwiata &#8211; i wyci\u0105ga\u0107 ich, szkoli\u0107, a p\u00f3\u017aniej wykorzystywa\u0107 do walki z plugastwem. W taki spos\u00f3b powsta\u0142a Chor\u0105giew Pokutna pod wezwaniem Ingmara Axeflugel von Kiel. Ingmaryci.<\/p>\n","protected":false},"author":1,"featured_media":0,"parent":0,"menu_order":0,"comment_status":"closed","ping_status":"closed","template":"","meta":{"footnotes":""},"class_list":["post-31","page","type-page","status-publish","hentry"],"_links":{"self":[{"href":"https:\/\/ingmaryci.com\/index.php?rest_route=\/wp\/v2\/pages\/31","targetHints":{"allow":["GET"]}}],"collection":[{"href":"https:\/\/ingmaryci.com\/index.php?rest_route=\/wp\/v2\/pages"}],"about":[{"href":"https:\/\/ingmaryci.com\/index.php?rest_route=\/wp\/v2\/types\/page"}],"author":[{"embeddable":true,"href":"https:\/\/ingmaryci.com\/index.php?rest_route=\/wp\/v2\/users\/1"}],"replies":[{"embeddable":true,"href":"https:\/\/ingmaryci.com\/index.php?rest_route=%2Fwp%2Fv2%2Fcomments&post=31"}],"version-history":[{"count":3,"href":"https:\/\/ingmaryci.com\/index.php?rest_route=\/wp\/v2\/pages\/31\/revisions"}],"predecessor-version":[{"id":1106,"href":"https:\/\/ingmaryci.com\/index.php?rest_route=\/wp\/v2\/pages\/31\/revisions\/1106"}],"wp:attachment":[{"href":"https:\/\/ingmaryci.com\/index.php?rest_route=%2Fwp%2Fv2%2Fmedia&parent=31"}],"curies":[{"name":"wp","href":"https:\/\/api.w.org\/{rel}","templated":true}]}}