{"id":25,"date":"2025-09-18T19:44:28","date_gmt":"2025-09-18T17:44:28","guid":{"rendered":"https:\/\/ingmaryci.com\/?page_id=25"},"modified":"2026-01-27T18:49:30","modified_gmt":"2026-01-27T17:49:30","slug":"o-nas","status":"publish","type":"page","link":"https:\/\/ingmaryci.com\/","title":{"rendered":"O nas"},"content":{"rendered":"\n<p>Jeste\u015bmy grup\u0105 ludzi, kt\u00f3rych wsp\u00f3ln\u0105 pasj\u0105 s\u0105 LARPy, czyli gry fabularne na \u017cywo (od ang. &#8211; Live Action Role-Play). Zobaczcie video, kt\u00f3re prezentuje nas w akcji:<\/p>\n\n\n\n<figure class=\"wp-block-embed is-type-video is-provider-youtube wp-block-embed-youtube wp-embed-aspect-16-9 wp-has-aspect-ratio\"><div class=\"wp-block-embed__wrapper\">\n<iframe loading=\"lazy\" title=\"Ingmaryci 2024 JOIN US!\" width=\"960\" height=\"540\" src=\"https:\/\/www.youtube.com\/embed\/_7R_5f4SMko?feature=oembed\" frameborder=\"0\" allow=\"accelerometer; autoplay; clipboard-write; encrypted-media; gyroscope; picture-in-picture; web-share\" referrerpolicy=\"strict-origin-when-cross-origin\" allowfullscreen><\/iframe>\n<\/div><\/figure>\n\n\n\n<p>Znajdziecie w\u015br\u00f3d nas osoby w r\u00f3\u017cnym wieku, z r\u00f3\u017cnych miast, r\u00f3\u017cnych zawod\u00f3w i r\u00f3\u017cnego wykszta\u0142cenia. \u0141\u0105czy nas zami\u0142owanie do odgrywanie postaci, a konkretnie postaci z uniwersum Warhammera Fantasy. <\/p>\n\n\n\n<p>Je\u015bli nie wiecie, czym dok\u0142adnie jest LARP albo Warhammer, to poni\u017cej znajdziecie linki, w kt\u00f3rych zapoznacie si\u0119 bli\u017cej z tymi poj\u0119ciami.<\/p>\n\n\n\n<p><a href=\"https:\/\/pl.wikipedia.org\/wiki\/Live_action_role-playing\" target=\"_blank\" rel=\"noreferrer noopener\">LARP<\/a> oraz <a href=\"https:\/\/pl.wikipedia.org\/wiki\/Warhammer_Fantasy\" target=\"_blank\" rel=\"noreferrer noopener\">WARHAMMER FANTASY<\/a><\/p>\n\n\n\n<p>Nasza chor\u0105giew, jako oddzielna organizacja, powsta\u0142a w 2023 r., ale Ingmaryci byli cz\u0119\u015bci\u0105 innej grupy ju\u017c w 2019 r. To wtedy kilku z nas po wieloletniej przerwie wr\u00f3ci\u0142a do larpowania (czyli grania w gry fabularne na \u017cywo). Aby podkre\u015bli\u0107 fakt, \u017ce znali\u015bmy si\u0119 prywatnie od wielu lat i tworzyli\u015bmy zgran\u0105 paczk\u0119 przyjaci\u00f3\u0142, stworzyli\u015bmy postacie, kt\u00f3re dawniej (w \u015bwiecie gry, czyli <em>in-game<\/em>) nale\u017ca\u0142y do oddzia\u0142u Ingmaryt\u00f3w.<\/p>\n\n\n\n<p>W naszej historii byli\u015bmy podopiecznymi samego inkwizytora Ingmara Axelflugel i cz\u0142onkami oryginalnego oddzia\u0142u, kt\u00f3ry po latach walki ze z\u0142em w uniwersum Warhammera zosta\u0142 rozbity. (Wi\u0119cej o fabularnej historii oddzia\u0142u przeczytacie tu: <a href=\"https:\/\/ingmaryci.com\/?page_id=31\" target=\"_blank\" rel=\"noreferrer noopener\">HISTORIA CHOR\u0104GWI<\/a>) Tym sposobem, ci z nas, kt\u00f3rzy wzi\u0119li udzia\u0142 w larpie BattleQuest 2019 po raz pierwszy wyst\u0105pili jako ostatni z \u017cywych Ingmaryt\u00f3w i do\u0142\u0105czyli do grupy najemnik\u00f3w pod nazw\u0105 Rattentod.<\/p>\n\n\n\n<p>Po kilku wsp\u00f3lnych latach postanowili\u015bmy reaktywowa\u0107 Ingmaryt\u00f3w, jako niezale\u017cn\u0105 grup\u0119, kt\u00f3ra b\u0119dzie opowiada\u0107 w\u0142asn\u0105 histori\u0119. W 2023 r. podczas larpa <em>Kroniki Gostahof: Dziedzictwo<\/em> zagrali\u015bmy scen\u0119 powo\u0142ania<\/p>\n\n\n\n<p><strong>Chor\u0105gwi Pokutnej pod wezwaniem Ingmara <\/strong><strong>Axefl\u00fcgel<\/strong><\/p>\n\n\n\n<p>w skr\u00f3cie <strong>\u201cIngmaryci\u201d<\/strong>.<\/p>\n\n\n\n<p>Od tamtej pory je\u017adzimy wsp\u00f3lnie ju\u017c jako pe\u0142noprawny oddzia\u0142 w uniwersum Warhammera. Nasza chor\u0105giew jest cz\u0119\u015bci\u0105 Zakonu Rycerzy Kruka, a naszym powo\u0142aniem walka z blu\u017anierstwami przeciwko regule boga Morra. Zwalczamy wampiry, nieumar\u0142ych, licz\u00f3w i czarnoksi\u0119\u017cnik\u00f3w naruszaj\u0105cych prawa \u015amierci. Anga\u017cujemy si\u0119 te\u017c w konflikty o bardziej przyziemnym charakterze.<\/p>\n\n\n\n<p>Za duchowego patrona przyj\u0119li\u015bmy naszego dawnego zwierzchnika, inkwizytora Ingmara von Kiel herbu Axeflugel. Do chor\u0105gwi wcielamy grzesznik\u00f3w, kt\u00f3rzy dostaj\u0105 szans\u0119 na odkupienie swych win. W naszych szeregach spotka\u0107 mo\u017cna ludzi i nieludzi ze wszystkich stron warhammerowego \u015bwiata.<\/p>\n\n\n\n<p>Na co dzie\u0144 kierujemy si\u0119 maksym\u0105 \u201caby \u015bmierci s\u0142u\u017cy\u0107, trzeba \u017cycia u\u017cy\u0107\u201d.<\/p>\n\n\n\n<p>Ingmaryci spotykaj\u0105 si\u0119 nie tylko na larpach. Organizujemy r\u00f3wnie\u017c zjazdy chor\u0105gwi, podczas kt\u00f3rych trenujemy, planujemy i dobrze si\u0119 bawimy. Czasem te\u017c bawimy si\u0119 podczas wewn\u0119trznych mini-larp\u00f3w, kt\u00f3re s\u0142u\u017c\u0105 nam do swobodnego odgrywania postaci i wymy\u015blania wsp\u00f3lnych historii.<\/p>\n\n\n\n<p>Je\u015bli chcieliby\u015bcie do nas do\u0142\u0105czy\u0107 i prze\u017cy\u0107 wsp\u00f3lne przygody na niebezpiecznych traktach Starego \u015awiata, zajrzyjcie tu:<\/p>\n\n\n\n<div class=\"wp-block-buttons is-content-justification-center is-layout-flex wp-container-core-buttons-is-layout-a89b3969 wp-block-buttons-is-layout-flex\">\n<div class=\"wp-block-button\"><a class=\"wp-block-button__link wp-element-button\" href=\"https:\/\/ingmaryci.com\/?page_id=28\">QUICKSTART<\/a><\/div>\n<\/div>\n\n\n\n<p>Do zobaczenia na larpach!<\/p>\n","protected":false},"excerpt":{"rendered":"<p>Jeste\u015bmy grup\u0105 ludzi, kt\u00f3rych wsp\u00f3ln\u0105 pasj\u0105 s\u0105 LARPy, czyli gry fabularne na \u017cywo (od ang. &#8211; Live Action Role-Play). Zobaczcie video, kt\u00f3re prezentuje nas w akcji: Znajdziecie w\u015br\u00f3d nas osoby w r\u00f3\u017cnym wieku, z r\u00f3\u017cnych miast, r\u00f3\u017cnych zawod\u00f3w i r\u00f3\u017cnego wykszta\u0142cenia. \u0141\u0105czy nas zami\u0142owanie do odgrywanie postaci, a konkretnie postaci z uniwersum Warhammera Fantasy. Je\u015bli nie wiecie, czym dok\u0142adnie jest LARP albo Warhammer, to poni\u017cej znajdziecie linki, w kt\u00f3rych zapoznacie si\u0119 bli\u017cej z tymi poj\u0119ciami. LARP oraz WARHAMMER FANTASY Nasza chor\u0105giew, jako oddzielna organizacja, powsta\u0142a w 2023 r., ale Ingmaryci byli cz\u0119\u015bci\u0105 innej grupy ju\u017c w 2019 r. To wtedy kilku z nas po wieloletniej przerwie wr\u00f3ci\u0142a do larpowania (czyli grania w gry fabularne na \u017cywo). Aby podkre\u015bli\u0107 fakt, \u017ce znali\u015bmy si\u0119 prywatnie od wielu lat i tworzyli\u015bmy zgran\u0105 paczk\u0119 przyjaci\u00f3\u0142, stworzyli\u015bmy postacie, kt\u00f3re dawniej (w \u015bwiecie gry, czyli in-game) nale\u017ca\u0142y do oddzia\u0142u Ingmaryt\u00f3w. W naszej historii byli\u015bmy podopiecznymi samego inkwizytora Ingmara Axelflugel i cz\u0142onkami oryginalnego oddzia\u0142u, kt\u00f3ry po latach walki ze z\u0142em w uniwersum Warhammera zosta\u0142 rozbity. (Wi\u0119cej o fabularnej historii oddzia\u0142u przeczytacie tu: HISTORIA CHOR\u0104GWI) Tym sposobem, ci z nas, kt\u00f3rzy wzi\u0119li udzia\u0142 w larpie BattleQuest 2019 po raz pierwszy wyst\u0105pili jako ostatni z \u017cywych Ingmaryt\u00f3w i do\u0142\u0105czyli do grupy najemnik\u00f3w pod nazw\u0105 Rattentod. Po kilku wsp\u00f3lnych latach postanowili\u015bmy reaktywowa\u0107 Ingmaryt\u00f3w, jako niezale\u017cn\u0105 grup\u0119, kt\u00f3ra b\u0119dzie opowiada\u0107 w\u0142asn\u0105 histori\u0119. W 2023 r. podczas larpa Kroniki Gostahof: Dziedzictwo zagrali\u015bmy scen\u0119 powo\u0142ania Chor\u0105gwi Pokutnej pod wezwaniem Ingmara Axefl\u00fcgel w skr\u00f3cie \u201cIngmaryci\u201d. Od tamtej pory je\u017adzimy wsp\u00f3lnie ju\u017c jako pe\u0142noprawny oddzia\u0142 w uniwersum Warhammera. Nasza chor\u0105giew jest cz\u0119\u015bci\u0105 Zakonu Rycerzy Kruka, a naszym powo\u0142aniem walka z blu\u017anierstwami przeciwko regule boga Morra. Zwalczamy wampiry, nieumar\u0142ych, licz\u00f3w i czarnoksi\u0119\u017cnik\u00f3w naruszaj\u0105cych prawa \u015amierci. Anga\u017cujemy si\u0119 te\u017c w konflikty o bardziej przyziemnym charakterze. Za duchowego patrona przyj\u0119li\u015bmy naszego dawnego zwierzchnika, inkwizytora Ingmara von Kiel herbu Axeflugel. Do chor\u0105gwi wcielamy grzesznik\u00f3w, kt\u00f3rzy dostaj\u0105 szans\u0119 na odkupienie swych win. W naszych szeregach spotka\u0107 mo\u017cna ludzi i nieludzi ze wszystkich stron warhammerowego \u015bwiata. Na co dzie\u0144 kierujemy si\u0119 maksym\u0105 \u201caby \u015bmierci s\u0142u\u017cy\u0107, trzeba \u017cycia u\u017cy\u0107\u201d. Ingmaryci spotykaj\u0105 si\u0119 nie tylko na larpach. Organizujemy r\u00f3wnie\u017c zjazdy chor\u0105gwi, podczas kt\u00f3rych trenujemy, planujemy i dobrze si\u0119 bawimy. Czasem te\u017c bawimy si\u0119 podczas wewn\u0119trznych mini-larp\u00f3w, kt\u00f3re s\u0142u\u017c\u0105 nam do swobodnego odgrywania postaci i wymy\u015blania wsp\u00f3lnych historii. Je\u015bli chcieliby\u015bcie do nas do\u0142\u0105czy\u0107 i prze\u017cy\u0107 wsp\u00f3lne przygody na niebezpiecznych traktach Starego \u015awiata, zajrzyjcie tu: Do zobaczenia na larpach!<\/p>\n","protected":false},"author":1,"featured_media":0,"parent":0,"menu_order":0,"comment_status":"closed","ping_status":"closed","template":"","meta":{"footnotes":""},"class_list":["post-25","page","type-page","status-publish","hentry"],"_links":{"self":[{"href":"https:\/\/ingmaryci.com\/index.php?rest_route=\/wp\/v2\/pages\/25","targetHints":{"allow":["GET"]}}],"collection":[{"href":"https:\/\/ingmaryci.com\/index.php?rest_route=\/wp\/v2\/pages"}],"about":[{"href":"https:\/\/ingmaryci.com\/index.php?rest_route=\/wp\/v2\/types\/page"}],"author":[{"embeddable":true,"href":"https:\/\/ingmaryci.com\/index.php?rest_route=\/wp\/v2\/users\/1"}],"replies":[{"embeddable":true,"href":"https:\/\/ingmaryci.com\/index.php?rest_route=%2Fwp%2Fv2%2Fcomments&post=25"}],"version-history":[{"count":8,"href":"https:\/\/ingmaryci.com\/index.php?rest_route=\/wp\/v2\/pages\/25\/revisions"}],"predecessor-version":[{"id":1376,"href":"https:\/\/ingmaryci.com\/index.php?rest_route=\/wp\/v2\/pages\/25\/revisions\/1376"}],"wp:attachment":[{"href":"https:\/\/ingmaryci.com\/index.php?rest_route=%2Fwp%2Fv2%2Fmedia&parent=25"}],"curies":[{"name":"wp","href":"https:\/\/api.w.org\/{rel}","templated":true}]}}