{"id":151,"date":"2025-09-18T23:24:01","date_gmt":"2025-09-18T21:24:01","guid":{"rendered":"https:\/\/ingmaryci.com\/?page_id=151"},"modified":"2026-03-17T15:53:55","modified_gmt":"2026-03-17T14:53:55","slug":"sklad-choragwi","status":"publish","type":"page","link":"https:\/\/ingmaryci.com\/?page_id=151","title":{"rendered":"Sk\u0142ad Chor\u0105gwi"},"content":{"rendered":"\n<hr class=\"wp-block-separator has-alpha-channel-opacity\"\/>\n\n\n\n<p class=\"has-text-align-center\"><strong>Zakonnicy<\/strong><\/p>\n\n\n\n<hr class=\"wp-block-separator has-alpha-channel-opacity\"\/>\n\n\n\n<div class=\"wp-block-media-text is-stacked-on-mobile\" style=\"grid-template-columns:15% auto\"><figure class=\"wp-block-media-text__media\"><img loading=\"lazy\" decoding=\"async\" width=\"200\" height=\"200\" src=\"https:\/\/ingmaryci.com\/wp-content\/uploads\/2025\/09\/cichy.jpg\" alt=\"\" class=\"wp-image-1117 size-full\" srcset=\"https:\/\/ingmaryci.com\/wp-content\/uploads\/2025\/09\/cichy.jpg 200w, https:\/\/ingmaryci.com\/wp-content\/uploads\/2025\/09\/cichy-150x150.jpg 150w, https:\/\/ingmaryci.com\/wp-content\/uploads\/2025\/09\/cichy-75x75.jpg 75w\" sizes=\"auto, (max-width: 200px) 100vw, 200px\" \/><\/figure><div class=\"wp-block-media-text__content\">\n<p><a href=\"https:\/\/ingmaryci.com\/?p=528\" target=\"_blank\" rel=\"noreferrer noopener\">Bran Skattson &#8220;Cichy&#8221;<\/a> &#8211; Mateusz Stanis\u0142awski<\/p>\n<\/div><\/div>\n\n\n\n<p class=\"has-text-align-left\"><\/p>\n\n\n\n<div class=\"wp-block-media-text is-stacked-on-mobile\" style=\"grid-template-columns:15% auto\"><figure class=\"wp-block-media-text__media\"><img loading=\"lazy\" decoding=\"async\" width=\"200\" height=\"200\" src=\"https:\/\/ingmaryci.com\/wp-content\/uploads\/2026\/03\/siwy.jpg\" alt=\"\" class=\"wp-image-1515 size-full\" srcset=\"https:\/\/ingmaryci.com\/wp-content\/uploads\/2026\/03\/siwy.jpg 200w, https:\/\/ingmaryci.com\/wp-content\/uploads\/2026\/03\/siwy-150x150.jpg 150w, https:\/\/ingmaryci.com\/wp-content\/uploads\/2026\/03\/siwy-75x75.jpg 75w\" sizes=\"auto, (max-width: 200px) 100vw, 200px\" \/><\/figure><div class=\"wp-block-media-text__content\">\n<p><a href=\"https:\/\/ingmaryci.com\/?p=530\" target=\"_blank\" rel=\"noreferrer noopener\">Raul Estevan del Sabio del Ventre &#8220;Siwy&#8221;<\/a> &#8211; Szymon Szyma\u0144ski<\/p>\n<\/div><\/div>\n\n\n\n<p><\/p>\n\n\n\n<hr class=\"wp-block-separator has-alpha-channel-opacity\"\/>\n\n\n\n<p class=\"has-text-align-center\"><strong>Siostry i Bracia<\/strong><\/p>\n\n\n\n<hr class=\"wp-block-separator has-alpha-channel-opacity\"\/>\n\n\n\n<div class=\"wp-block-media-text is-stacked-on-mobile\" style=\"grid-template-columns:15% auto\"><figure class=\"wp-block-media-text__media\"><img loading=\"lazy\" decoding=\"async\" width=\"200\" height=\"200\" src=\"https:\/\/ingmaryci.com\/wp-content\/uploads\/2025\/09\/franka.jpg\" alt=\"\" class=\"wp-image-1120 size-full\" srcset=\"https:\/\/ingmaryci.com\/wp-content\/uploads\/2025\/09\/franka.jpg 200w, https:\/\/ingmaryci.com\/wp-content\/uploads\/2025\/09\/franka-150x150.jpg 150w, https:\/\/ingmaryci.com\/wp-content\/uploads\/2025\/09\/franka-75x75.jpg 75w\" sizes=\"auto, (max-width: 200px) 100vw, 200px\" \/><\/figure><div class=\"wp-block-media-text__content\">\n<p><a href=\"https:\/\/ingmaryci.com\/?p=532\" target=\"_blank\" rel=\"noreferrer noopener\">Franceska Tischner &#8220;Wrona&#8221;<\/a> &#8211; Marta Idczak<\/p>\n<\/div><\/div>\n\n\n\n<p><\/p>\n\n\n\n<div class=\"wp-block-media-text is-stacked-on-mobile\" style=\"grid-template-columns:15% auto\"><figure class=\"wp-block-media-text__media\"><img loading=\"lazy\" decoding=\"async\" width=\"200\" height=\"200\" src=\"https:\/\/ingmaryci.com\/wp-content\/uploads\/2025\/09\/amelia.jpg\" alt=\"\" class=\"wp-image-1116 size-full\" srcset=\"https:\/\/ingmaryci.com\/wp-content\/uploads\/2025\/09\/amelia.jpg 200w, https:\/\/ingmaryci.com\/wp-content\/uploads\/2025\/09\/amelia-150x150.jpg 150w, https:\/\/ingmaryci.com\/wp-content\/uploads\/2025\/09\/amelia-75x75.jpg 75w\" sizes=\"auto, (max-width: 200px) 100vw, 200px\" \/><\/figure><div class=\"wp-block-media-text__content\">\n<p><a href=\"https:\/\/ingmaryci.com\/?p=536\" target=\"_blank\" rel=\"noreferrer noopener\">Amelia von Hardenberg &#8220;Ksi\u0119\u017cniczka&#8221;<\/a> &#8211; Aleksandra Kurkierewicz<\/p>\n<\/div><\/div>\n\n\n\n<p><\/p>\n\n\n\n<div class=\"wp-block-media-text is-stacked-on-mobile\" style=\"grid-template-columns:15% auto\"><figure class=\"wp-block-media-text__media\"><img loading=\"lazy\" decoding=\"async\" width=\"200\" height=\"200\" src=\"https:\/\/ingmaryci.com\/wp-content\/uploads\/2026\/02\/vinzent.jpg\" alt=\"\" class=\"wp-image-1436 size-full\" srcset=\"https:\/\/ingmaryci.com\/wp-content\/uploads\/2026\/02\/vinzent.jpg 200w, https:\/\/ingmaryci.com\/wp-content\/uploads\/2026\/02\/vinzent-150x150.jpg 150w, https:\/\/ingmaryci.com\/wp-content\/uploads\/2026\/02\/vinzent-75x75.jpg 75w\" sizes=\"auto, (max-width: 200px) 100vw, 200px\" \/><\/figure><div class=\"wp-block-media-text__content\">\n<p><a href=\"https:\/\/ingmaryci.com\/?p=1047\" target=\"_blank\" rel=\"noreferrer noopener\">Vinzent &#8220;Mysza&#8221; M\u00e4us<\/a> &#8211; Pawe\u0142 Janowski<\/p>\n<\/div><\/div>\n\n\n\n<p><\/p>\n\n\n\n<div class=\"wp-block-media-text is-stacked-on-mobile\" style=\"grid-template-columns:15% auto\"><figure class=\"wp-block-media-text__media\"><img loading=\"lazy\" decoding=\"async\" width=\"200\" height=\"200\" src=\"https:\/\/ingmaryci.com\/wp-content\/uploads\/2025\/09\/kos.jpg\" alt=\"\" class=\"wp-image-1122 size-full\" srcset=\"https:\/\/ingmaryci.com\/wp-content\/uploads\/2025\/09\/kos.jpg 200w, https:\/\/ingmaryci.com\/wp-content\/uploads\/2025\/09\/kos-150x150.jpg 150w, https:\/\/ingmaryci.com\/wp-content\/uploads\/2025\/09\/kos-75x75.jpg 75w\" sizes=\"auto, (max-width: 200px) 100vw, 200px\" \/><\/figure><div class=\"wp-block-media-text__content\">\n<p><a href=\"http:\/\/Koslivereth\" target=\"_blank\" rel=\"noreferrer noopener\">Koslivereth &#8220;Kos&#8221;<\/a> &#8211; Olga Zasada<\/p>\n<\/div><\/div>\n\n\n\n<p><\/p>\n\n\n\n<hr class=\"wp-block-separator has-alpha-channel-opacity\"\/>\n\n\n\n<p class=\"has-text-align-center\"><strong>Nowicjusze<\/strong><\/p>\n\n\n\n<hr class=\"wp-block-separator has-alpha-channel-opacity\"\/>\n\n\n\n<div class=\"wp-block-media-text is-stacked-on-mobile\" style=\"grid-template-columns:15% auto\"><figure class=\"wp-block-media-text__media\"><img loading=\"lazy\" decoding=\"async\" width=\"200\" height=\"200\" src=\"https:\/\/ingmaryci.com\/wp-content\/uploads\/2025\/09\/muhajjab.jpg\" alt=\"\" class=\"wp-image-1125 size-full\" srcset=\"https:\/\/ingmaryci.com\/wp-content\/uploads\/2025\/09\/muhajjab.jpg 200w, https:\/\/ingmaryci.com\/wp-content\/uploads\/2025\/09\/muhajjab-150x150.jpg 150w, https:\/\/ingmaryci.com\/wp-content\/uploads\/2025\/09\/muhajjab-75x75.jpg 75w\" sizes=\"auto, (max-width: 200px) 100vw, 200px\" \/><\/figure><div class=\"wp-block-media-text__content\">\n<p><a href=\"https:\/\/ingmaryci.com\/?p=538\" target=\"_blank\" rel=\"noreferrer noopener\">Muhajjab<\/a> &#8211; Dariusz Skowron<\/p>\n<\/div><\/div>\n\n\n\n<p><\/p>\n\n\n\n<div class=\"wp-block-media-text is-stacked-on-mobile\" style=\"grid-template-columns:15% auto\"><figure class=\"wp-block-media-text__media\"><img loading=\"lazy\" decoding=\"async\" width=\"200\" height=\"200\" src=\"https:\/\/ingmaryci.com\/wp-content\/uploads\/2025\/09\/luther.jpg\" alt=\"\" class=\"wp-image-1124 size-full\" srcset=\"https:\/\/ingmaryci.com\/wp-content\/uploads\/2025\/09\/luther.jpg 200w, https:\/\/ingmaryci.com\/wp-content\/uploads\/2025\/09\/luther-150x150.jpg 150w, https:\/\/ingmaryci.com\/wp-content\/uploads\/2025\/09\/luther-75x75.jpg 75w\" sizes=\"auto, (max-width: 200px) 100vw, 200px\" \/><\/figure><div class=\"wp-block-media-text__content\">\n<p><a href=\"https:\/\/ingmaryci.com\/?p=125\" target=\"_blank\" rel=\"noreferrer noopener\">Luther Bendson<\/a> &#8211; Piotr Paprzycki<\/p>\n<\/div><\/div>\n\n\n\n<p><\/p>\n\n\n\n<div class=\"wp-block-media-text is-stacked-on-mobile\" style=\"grid-template-columns:15% auto\"><figure class=\"wp-block-media-text__media\"><img loading=\"lazy\" decoding=\"async\" width=\"200\" height=\"200\" src=\"https:\/\/ingmaryci.com\/wp-content\/uploads\/2025\/09\/drobny.jpg\" alt=\"\" class=\"wp-image-1119 size-full\" srcset=\"https:\/\/ingmaryci.com\/wp-content\/uploads\/2025\/09\/drobny.jpg 200w, https:\/\/ingmaryci.com\/wp-content\/uploads\/2025\/09\/drobny-150x150.jpg 150w, https:\/\/ingmaryci.com\/wp-content\/uploads\/2025\/09\/drobny-75x75.jpg 75w\" sizes=\"auto, (max-width: 200px) 100vw, 200px\" \/><\/figure><div class=\"wp-block-media-text__content\">\n<p><a href=\"https:\/\/ingmaryci.com\/?p=540\" target=\"_blank\" rel=\"noreferrer noopener\">Erwin von Brand &#8220;Drobny&#8221;<\/a> &#8211; Tomasz Pa\u0142asz<\/p>\n<\/div><\/div>\n\n\n\n<p><\/p>\n\n\n\n<div class=\"wp-block-media-text is-stacked-on-mobile\" style=\"grid-template-columns:15% auto\"><figure class=\"wp-block-media-text__media\"><img loading=\"lazy\" decoding=\"async\" width=\"200\" height=\"200\" src=\"https:\/\/ingmaryci.com\/wp-content\/uploads\/2025\/09\/leopold.jpg\" alt=\"\" class=\"wp-image-1123 size-full\" srcset=\"https:\/\/ingmaryci.com\/wp-content\/uploads\/2025\/09\/leopold.jpg 200w, https:\/\/ingmaryci.com\/wp-content\/uploads\/2025\/09\/leopold-150x150.jpg 150w, https:\/\/ingmaryci.com\/wp-content\/uploads\/2025\/09\/leopold-75x75.jpg 75w\" sizes=\"auto, (max-width: 200px) 100vw, 200px\" \/><\/figure><div class=\"wp-block-media-text__content\">\n<p><a href=\"https:\/\/ingmaryci.com\/?p=1153\" data-type=\"link\" data-id=\"https:\/\/ingmaryci.com\/?p=1153\">Leopold Gesner &#8220;Mi\u0119tus&#8221;<\/a> &#8211; J\u0119drzej Zasada<\/p>\n<\/div><\/div>\n\n\n\n<p><\/p>\n\n\n\n<div class=\"wp-block-media-text is-stacked-on-mobile\" style=\"grid-template-columns:15% auto\"><figure class=\"wp-block-media-text__media\"><img loading=\"lazy\" decoding=\"async\" width=\"200\" height=\"200\" src=\"https:\/\/ingmaryci.com\/wp-content\/uploads\/2025\/09\/wrobel.jpg\" alt=\"\" class=\"wp-image-1130 size-full\" srcset=\"https:\/\/ingmaryci.com\/wp-content\/uploads\/2025\/09\/wrobel.jpg 200w, https:\/\/ingmaryci.com\/wp-content\/uploads\/2025\/09\/wrobel-150x150.jpg 150w, https:\/\/ingmaryci.com\/wp-content\/uploads\/2025\/09\/wrobel-75x75.jpg 75w\" sizes=\"auto, (max-width: 200px) 100vw, 200px\" \/><\/figure><div class=\"wp-block-media-text__content\">\n<p><a href=\"https:\/\/ingmaryci.com\/?p=1449\">Agnes Sperling &#8220;Wr\u00f3bel&#8221;<\/a> &#8211; Zosia Gru\u017clewska<\/p>\n<\/div><\/div>\n\n\n\n<p><\/p>\n\n\n\n<div class=\"wp-block-media-text is-stacked-on-mobile\" style=\"grid-template-columns:15% auto\"><figure class=\"wp-block-media-text__media\"><img loading=\"lazy\" decoding=\"async\" width=\"200\" height=\"200\" src=\"https:\/\/ingmaryci.com\/wp-content\/uploads\/2025\/09\/herun.jpg\" alt=\"\" class=\"wp-image-1121 size-full\" srcset=\"https:\/\/ingmaryci.com\/wp-content\/uploads\/2025\/09\/herun.jpg 200w, https:\/\/ingmaryci.com\/wp-content\/uploads\/2025\/09\/herun-150x150.jpg 150w, https:\/\/ingmaryci.com\/wp-content\/uploads\/2025\/09\/herun-75x75.jpg 75w\" sizes=\"auto, (max-width: 200px) 100vw, 200px\" \/><\/figure><div class=\"wp-block-media-text__content\">\n<p><a href=\"https:\/\/ingmaryci.com\/?p=1445\">Herun Kuchenmeister<\/a> &#8211; Dawid Lentka<\/p>\n<\/div><\/div>\n\n\n\n<p><\/p>\n\n\n\n<hr class=\"wp-block-separator has-alpha-channel-opacity\"\/>\n\n\n\n<p class=\"has-text-align-center\"><strong>Pokutnicy<\/strong><\/p>\n\n\n\n<hr class=\"wp-block-separator has-alpha-channel-opacity\"\/>\n\n\n\n<p><\/p>\n\n\n\n<div class=\"wp-block-media-text is-stacked-on-mobile\" style=\"grid-template-columns:15% auto\"><figure class=\"wp-block-media-text__media\"><img loading=\"lazy\" decoding=\"async\" width=\"200\" height=\"200\" src=\"https:\/\/ingmaryci.com\/wp-content\/uploads\/2026\/03\/perkoz.jpg\" alt=\"\" class=\"wp-image-1510 size-full\" srcset=\"https:\/\/ingmaryci.com\/wp-content\/uploads\/2026\/03\/perkoz.jpg 200w, https:\/\/ingmaryci.com\/wp-content\/uploads\/2026\/03\/perkoz-150x150.jpg 150w, https:\/\/ingmaryci.com\/wp-content\/uploads\/2026\/03\/perkoz-75x75.jpg 75w\" sizes=\"auto, (max-width: 200px) 100vw, 200px\" \/><\/figure><div class=\"wp-block-media-text__content\">\n<p>Urwin Boer &#8220;Perkoz&#8221; &#8211; Bartek Kotaniec<\/p>\n<\/div><\/div>\n\n\n\n<p><\/p>\n\n\n\n<div class=\"wp-block-media-text is-stacked-on-mobile\" style=\"grid-template-columns:15% auto\"><figure class=\"wp-block-media-text__media\"><img loading=\"lazy\" decoding=\"async\" width=\"200\" height=\"200\" src=\"https:\/\/ingmaryci.com\/wp-content\/uploads\/2026\/03\/rajmond.jpg\" alt=\"\" class=\"wp-image-1511 size-full\" srcset=\"https:\/\/ingmaryci.com\/wp-content\/uploads\/2026\/03\/rajmond.jpg 200w, https:\/\/ingmaryci.com\/wp-content\/uploads\/2026\/03\/rajmond-150x150.jpg 150w, https:\/\/ingmaryci.com\/wp-content\/uploads\/2026\/03\/rajmond-75x75.jpg 75w\" sizes=\"auto, (max-width: 200px) 100vw, 200px\" \/><\/figure><div class=\"wp-block-media-text__content\">\n<p>Rajmond &#8211; Tomek Politowicz<\/p>\n<\/div><\/div>\n\n\n\n<p><\/p>\n\n\n\n<div class=\"wp-block-media-text is-stacked-on-mobile\" style=\"grid-template-columns:15% auto\"><figure class=\"wp-block-media-text__media\"><img loading=\"lazy\" decoding=\"async\" width=\"200\" height=\"200\" src=\"https:\/\/ingmaryci.com\/wp-content\/uploads\/2026\/03\/reingard.jpg\" alt=\"\" class=\"wp-image-1512 size-full\" srcset=\"https:\/\/ingmaryci.com\/wp-content\/uploads\/2026\/03\/reingard.jpg 200w, https:\/\/ingmaryci.com\/wp-content\/uploads\/2026\/03\/reingard-150x150.jpg 150w, https:\/\/ingmaryci.com\/wp-content\/uploads\/2026\/03\/reingard-75x75.jpg 75w\" sizes=\"auto, (max-width: 200px) 100vw, 200px\" \/><\/figure><div class=\"wp-block-media-text__content\">\n<p>Reingard Nasselrode &#8220;Profesor&#8221; &#8211; Maciej Lipi\u0144ski<\/p>\n<\/div><\/div>\n\n\n\n<p><\/p>\n\n\n\n<div class=\"wp-block-media-text is-stacked-on-mobile\" style=\"grid-template-columns:15% auto\"><figure class=\"wp-block-media-text__media\"><img loading=\"lazy\" decoding=\"async\" width=\"200\" height=\"200\" src=\"https:\/\/ingmaryci.com\/wp-content\/uploads\/2026\/03\/rodrigo.jpg\" alt=\"\" class=\"wp-image-1513 size-full\" srcset=\"https:\/\/ingmaryci.com\/wp-content\/uploads\/2026\/03\/rodrigo.jpg 200w, https:\/\/ingmaryci.com\/wp-content\/uploads\/2026\/03\/rodrigo-150x150.jpg 150w, https:\/\/ingmaryci.com\/wp-content\/uploads\/2026\/03\/rodrigo-75x75.jpg 75w\" sizes=\"auto, (max-width: 200px) 100vw, 200px\" \/><\/figure><div class=\"wp-block-media-text__content\">\n<p>Rodrigo &#8211; Rafa\u0142 Ziren Zuzmak<\/p>\n<\/div><\/div>\n\n\n\n<p><\/p>\n\n\n\n<div class=\"wp-block-media-text is-stacked-on-mobile\" style=\"grid-template-columns:15% auto\"><figure class=\"wp-block-media-text__media\"><img loading=\"lazy\" decoding=\"async\" width=\"200\" height=\"200\" src=\"https:\/\/ingmaryci.com\/wp-content\/uploads\/2026\/03\/borsuk.jpg\" alt=\"\" class=\"wp-image-1518 size-full\" srcset=\"https:\/\/ingmaryci.com\/wp-content\/uploads\/2026\/03\/borsuk.jpg 200w, https:\/\/ingmaryci.com\/wp-content\/uploads\/2026\/03\/borsuk-150x150.jpg 150w, https:\/\/ingmaryci.com\/wp-content\/uploads\/2026\/03\/borsuk-75x75.jpg 75w\" sizes=\"auto, (max-width: 200px) 100vw, 200px\" \/><\/figure><div class=\"wp-block-media-text__content\">\n<p>Magnus &#8220;Borsuk&#8221; &#8211; Pawe\u0142 Grzyma\u0142a<\/p>\n<\/div><\/div>\n","protected":false},"excerpt":{"rendered":"<p>Zakonnicy Bran Skattson &#8220;Cichy&#8221; &#8211; Mateusz Stanis\u0142awski Raul Estevan del Sabio del Ventre &#8220;Siwy&#8221; &#8211; Szymon Szyma\u0144ski Siostry i Bracia Franceska Tischner &#8220;Wrona&#8221; &#8211; Marta Idczak Amelia von Hardenberg &#8220;Ksi\u0119\u017cniczka&#8221; &#8211; Aleksandra Kurkierewicz Vinzent &#8220;Mysza&#8221; M\u00e4us &#8211; Pawe\u0142 Janowski Koslivereth &#8220;Kos&#8221; &#8211; Olga Zasada Nowicjusze Muhajjab &#8211; Dariusz Skowron Luther Bendson &#8211; Piotr Paprzycki Erwin von Brand &#8220;Drobny&#8221; &#8211; Tomasz Pa\u0142asz Leopold Gesner &#8220;Mi\u0119tus&#8221; &#8211; J\u0119drzej Zasada Agnes Sperling &#8220;Wr\u00f3bel&#8221; &#8211; Zosia Gru\u017clewska Herun Kuchenmeister &#8211; Dawid Lentka Pokutnicy Urwin Boer &#8220;Perkoz&#8221; &#8211; Bartek Kotaniec Rajmond &#8211; Tomek Politowicz Reingard Nasselrode &#8220;Profesor&#8221; &#8211; Maciej Lipi\u0144ski Rodrigo &#8211; Rafa\u0142 Ziren Zuzmak Magnus &#8220;Borsuk&#8221; &#8211; Pawe\u0142 Grzyma\u0142a<\/p>\n","protected":false},"author":1,"featured_media":0,"parent":0,"menu_order":0,"comment_status":"closed","ping_status":"closed","template":"","meta":{"footnotes":""},"class_list":["post-151","page","type-page","status-publish","hentry"],"_links":{"self":[{"href":"https:\/\/ingmaryci.com\/index.php?rest_route=\/wp\/v2\/pages\/151","targetHints":{"allow":["GET"]}}],"collection":[{"href":"https:\/\/ingmaryci.com\/index.php?rest_route=\/wp\/v2\/pages"}],"about":[{"href":"https:\/\/ingmaryci.com\/index.php?rest_route=\/wp\/v2\/types\/page"}],"author":[{"embeddable":true,"href":"https:\/\/ingmaryci.com\/index.php?rest_route=\/wp\/v2\/users\/1"}],"replies":[{"embeddable":true,"href":"https:\/\/ingmaryci.com\/index.php?rest_route=%2Fwp%2Fv2%2Fcomments&post=151"}],"version-history":[{"count":22,"href":"https:\/\/ingmaryci.com\/index.php?rest_route=\/wp\/v2\/pages\/151\/revisions"}],"predecessor-version":[{"id":1523,"href":"https:\/\/ingmaryci.com\/index.php?rest_route=\/wp\/v2\/pages\/151\/revisions\/1523"}],"wp:attachment":[{"href":"https:\/\/ingmaryci.com\/index.php?rest_route=%2Fwp%2Fv2%2Fmedia&parent=151"}],"curies":[{"name":"wp","href":"https:\/\/api.w.org\/{rel}","templated":true}]}}